{"id":183,"date":"2021-05-25T11:00:00","date_gmt":"2021-05-25T09:00:00","guid":{"rendered":"http:\/\/d.abenteuerwelt-napf.ch\/?page_id=183"},"modified":"2021-05-25T11:39:27","modified_gmt":"2021-05-25T09:39:27","slug":"reservation","status":"publish","type":"page","link":"https:\/\/abenteuerwelt-napf.ch\/en\/reservation\/","title":{"rendered":"Reservation"},"content":{"rendered":"\n\n[et_pb_section fb_built=&#8221;1&#8243; admin_label=&#8221;section&#8221; _builder_version=&#8221;3.22&#8243;][et_pb_row admin_label=&#8221;row&#8221; _builder_version=&#8221;3.25&#8243; background_size=&#8221;initial&#8221; background_position=&#8221;top_left&#8221; background_repeat=&#8221;repeat&#8221; column_structure=&#8221;2_3,1_3&#8243;][et_pb_column type=&#8221;2_3&#8243; _builder_version=&#8221;3.25&#8243; custom_padding=&#8221;|||&#8221; custom_padding__hover=&#8221;|||&#8221;][et_pb_code]<div role=\"form\" class=\"wpcf7\" id=\"wpcf7-f179-o1\" lang=\"de-DE\" dir=\"ltr\">\n<div class=\"screen-reader-response\"><\/div>\n<form action=\"\/en\/wp-json\/wp\/v2\/pages\/183#wpcf7-f179-o1\" method=\"post\" class=\"wpcf7-form\" novalidate=\"novalidate\">\n<div style=\"display: none;\">\n<input type=\"hidden\" name=\"_wpcf7\" value=\"179\" \/>\n<input type=\"hidden\" name=\"_wpcf7_version\" value=\"5.0.2\" \/>\n<input type=\"hidden\" name=\"_wpcf7_locale\" value=\"de_DE\" \/>\n<input type=\"hidden\" name=\"_wpcf7_unit_tag\" value=\"wpcf7-f179-o1\" \/>\n<input type=\"hidden\" name=\"_wpcf7_container_post\" value=\"0\" \/>\n<\/div>\n<p>Name<br \/>\n    <span class=\"wpcf7-form-control-wrap your-name\"><input type=\"text\" name=\"your-name\" value=\"\" size=\"40\" class=\"wpcf7-form-control wpcf7-text wpcf7-validates-as-required\" aria-required=\"true\" aria-invalid=\"false\" \/><\/span> <\/p>\n<p>Gew\u00fcnschtes Datum (siehe freie Pl\u00e4tze)<br \/>\n    <span class=\"wpcf7-form-control-wrap Datum\"><input type=\"text\" name=\"Datum\" value=\"\" size=\"40\" class=\"wpcf7-form-control wpcf7-text wpcf7-validates-as-required\" aria-required=\"true\" aria-invalid=\"false\" \/><\/span><\/p>\n<p>Aktivit\u00e4t (Kombination m\u00f6glich)<br \/>\n    <span class=\"wpcf7-form-control-wrap Aktivitaet\"><span class=\"wpcf7-form-control wpcf7-checkbox\"><span class=\"wpcf7-list-item first\"><label><input type=\"checkbox\" name=\"Aktivitaet[]\" value=\"Goldwaschen\" \/><span class=\"wpcf7-list-item-label\">Goldwaschen<\/span><\/label><\/span><span class=\"wpcf7-list-item\"><label><input type=\"checkbox\" name=\"Aktivitaet[]\" value=\"Feuermachen\" \/><span class=\"wpcf7-list-item-label\">Feuermachen<\/span><\/label><\/span><span class=\"wpcf7-list-item last\"><label><input type=\"checkbox\" name=\"Aktivitaet[]\" value=\"Metallgiessen\" \/><span class=\"wpcf7-list-item-label\">Metallgiessen<\/span><\/label><\/span><\/span><\/span>\n<\/p>\n<p>Anzahl Personen<br \/>\n<span class=\"wpcf7-form-control-wrap Personen\"><input type=\"number\" name=\"Personen\" value=\"\" class=\"wpcf7-form-control wpcf7-number wpcf7-validates-as-number\" min=\"1\" max=\"50\" aria-invalid=\"false\" \/><\/span><\/p>\n<p>E-Mail-Adresse (Pflichtfeld)<br \/>\n    <span class=\"wpcf7-form-control-wrap your-email\"><input type=\"email\" name=\"your-email\" value=\"\" size=\"40\" class=\"wpcf7-form-control wpcf7-text wpcf7-email wpcf7-validates-as-required wpcf7-validates-as-email\" aria-required=\"true\" aria-invalid=\"false\" \/><\/span> <\/p>\n<p>Telefon<br \/>\n    <span class=\"wpcf7-form-control-wrap tel-983\"><input type=\"tel\" name=\"tel-983\" value=\"\" size=\"40\" class=\"wpcf7-form-control wpcf7-text wpcf7-tel wpcf7-validates-as-required wpcf7-validates-as-tel\" aria-required=\"true\" aria-invalid=\"false\" \/><\/span><\/p>\n<p>Ihre Nachricht<br \/>\n    <span class=\"wpcf7-form-control-wrap your-message\"><textarea name=\"your-message\" cols=\"40\" rows=\"10\" class=\"wpcf7-form-control wpcf7-textarea wpcf7-validates-as-required\" aria-required=\"true\" aria-invalid=\"false\"><\/textarea><\/span> <\/p>\n<p class=\"form-submit\"><input type=\"submit\" value=\"Senden\" class=\"wpcf7-form-control wpcf7-submit et_pb_button\" \/><\/p>\n<div class=\"wpcf7-response-output wpcf7-display-none\"><\/div><\/form><\/div>[\/et_pb_code][et_pb_text _builder_version=&#8221;4.9.4&#8243; background_size=&#8221;initial&#8221; background_position=&#8221;top_left&#8221; background_repeat=&#8221;repeat&#8221; hover_enabled=&#8221;0&#8243; use_border_color=&#8221;off&#8221; sticky_enabled=&#8221;0&#8243;]<h1 style=\"text-align: center;\"><strong><span style=\"color: #800000;\">Wichtig: <\/span><\/strong><\/h1>\n<h1 style=\"text-align: center;\"><strong><span style=\"color: #800000;\">Lesen sie bitte den untenstehenden Text ganz durch <\/span><\/strong><strong><span style=\"color: #800000;\">bevor Sie das Reservationsformular abschicken<\/span><\/strong><\/h1>\n<h2 class=\"uk-panel-title\">Gr\u00fcn= es sind noch mehr wie 5 Pl\u00e4tze frei.\/ Gelb=Es sind noch weniger oder gleich 5 Pl\u00e4tze frei\/ Rot=ganzer Tag ausgebucht. Als Einzelperson oder zu zweit w\u00e4hlen Sie wenn es m\u00f6glich ist bitte einen gelb markierten Tag, Danke. F\u00fcr geschlossene Gruppen d\u00fcrfen es auch ein paar Teinehmer mehr sein. Die Konditionen f\u00fcr Einzelkurse ohne andere Teilnehmer k\u00f6nnen ausgehandelt werden. Die Zufahrtsstrasse und der Treffpunkt Oberhaselholz sind privat und d\u00fcrfen ausschliesslich von den Kursteilnehmern am Kurstag ben\u00fctzt werden. Wenn Sie privat zum Goldwaschen kommen ben\u00fctzen Sie bitte \u00f6ffentliche Parkpl\u00e4tze. Eine Karte mit \u00f6ffentlichen Parkpl\u00e4tzen kann bei mir angefordert werden.<\/h2>\n<p>Der Terminkalender wird von mir m\u00f6glichst aktuell gehalten und dient zu Ihrer Information. Er kann aber nicht st\u00fcndlich aktualisiert werden und ist <span style=\"color: #800000;\"><strong>ohne Gew\u00e4hr<\/strong><\/span>. Reservieren d\u00fcrfen Sie gerne \u00fcber das Reservierungsformular <span style=\"color: #800000;\"><strong>mindestens<\/strong><\/span> 1 Tag im Voraus. Ich kontaktiere Sie danach innerhalb von <strong><span style=\"color: #800000;\">24 Stunden<\/span><\/strong> um alle Details zu besprechen. Anschliessend erhalten Sie ein Best\u00e4tigungsmail mit allen notwendigen Informationen zum Treffpunkt und Treffzeit welches dann als <strong><span style=\"color: #800000;\">verbindlich<\/span><\/strong> gilt auch wenn Sie bei meinem Unternehmen <span style=\"color: #800000;\"><strong>keine Vorauszahlung<\/strong><\/span> leisten m\u00fcssen. Bezahlen d\u00fcrfen Sie im Anschluss an das Goldwaschabenteuer, am liebsten Baar gegen Quittung, was ich auch in Zukunft weiter so halten m\u00f6chte. In Ausnahmef\u00e4llen kann von mir eine Anzahlung eingefordert werden. Goldwaschen ist eine Aktivit\u00e4t im Freien und wird ausser bei Dauerregen, Hochwasser oder Sturm bei jeder Witterung durchgef\u00fchrt. Falls es ein paar Tropfen Regen gibt habe ich am Goldwaschplatz eine Plane aufgespannt damit wir sicher im trockenen unsere Rucks\u00e4cke abstellen und grillieren k\u00f6nnen. Spontane Buchungen am Vorabend k\u00f6nnen m\u00f6glich sein. Rufen Sie mich daf\u00fcr an: 079 252 42 18.\u00a0 Am besten zwischen 18:00 und 20:00 Uhr. Ganztageskurse sind t\u00e4glich buchbar. Halbtageskurse werden nur noch ausnahmsweise durchgef\u00fchrt. Als Einzelperson oder zu zweit w\u00e4hlen Sie bitte wenn es Ihnen m\u00f6glich ist einen gelb markierten Tag. Wenn Sie einen Geschenkgutschein einl\u00f6sen, bitte in der Reservation kurz vermerken. Geschenkgutscheine gibt es ausschliesslich von meinem Unternehmen. Ich arbeite nicht mit Drittanbietern wie z.B Geschenkidee.ch zusammen. Um die weiteren Monate anzuzeigen auf den kleinen Doppelpfeil&gt;&gt; rechts oben im Kalender klicken.<\/p>[\/et_pb_text][\/et_pb_column][et_pb_column type=&#8221;1_3&#8243; _builder_version=&#8221;3.25&#8243; custom_padding=&#8221;|||&#8221; custom_padding__hover=&#8221;|||&#8221;][et_pb_sidebar orientation=&#8221;right&#8221; area=&#8221;et_pb_widget_area_1&#8243; _builder_version=&#8221;3.0.74&#8243; remove_border=&#8221;off&#8221;][\/et_pb_sidebar][\/et_pb_column][\/et_pb_row][\/et_pb_section][et_pb_section fb_built=&#8221;1&#8243; admin_label=&#8221;section&#8221; _builder_version=&#8221;3.22&#8243;][et_pb_row admin_label=&#8221;row&#8221; _builder_version=&#8221;3.25&#8243; background_size=&#8221;initial&#8221; background_position=&#8221;top_left&#8221; background_repeat=&#8221;repeat&#8221; column_structure=&#8221;2_3,1_3&#8243;][et_pb_column type=&#8221;2_3&#8243; _builder_version=&#8221;3.25&#8243; custom_padding=&#8221;|||&#8221; custom_padding__hover=&#8221;|||&#8221;][et_pb_code admin_label=&#8221;Code&#8221;]<div role=\"form\" class=\"wpcf7\" id=\"wpcf7-f1664-o2\" lang=\"de-DE\" dir=\"ltr\">\n<div class=\"screen-reader-response\"><\/div>\n<form action=\"\/en\/wp-json\/wp\/v2\/pages\/183#wpcf7-f1664-o2\" method=\"post\" class=\"wpcf7-form\" novalidate=\"novalidate\">\n<div style=\"display: none;\">\n<input type=\"hidden\" name=\"_wpcf7\" value=\"1664\" \/>\n<input type=\"hidden\" name=\"_wpcf7_version\" value=\"5.0.2\" \/>\n<input type=\"hidden\" name=\"_wpcf7_locale\" value=\"de_DE\" \/>\n<input type=\"hidden\" name=\"_wpcf7_unit_tag\" value=\"wpcf7-f1664-o2\" \/>\n<input type=\"hidden\" name=\"_wpcf7_container_post\" value=\"0\" \/>\n<\/div>\n<p>Name<br \/>\n    <span class=\"wpcf7-form-control-wrap your-name\"><input type=\"text\" name=\"your-name\" value=\"\" size=\"40\" class=\"wpcf7-form-control wpcf7-text wpcf7-validates-as-required\" aria-required=\"true\" aria-invalid=\"false\" \/><\/span> <\/p>\n<p>Wishdate (see free dates)<br \/>\n    <span class=\"wpcf7-form-control-wrap Datum\"><input type=\"text\" name=\"Datum\" value=\"\" size=\"40\" class=\"wpcf7-form-control wpcf7-text wpcf7-validates-as-required\" aria-required=\"true\" aria-invalid=\"false\" \/><\/span><\/p>\n<p>Activity (combination possilbe)<br \/>\n    <span class=\"wpcf7-form-control-wrap Aktivitaet\"><span class=\"wpcf7-form-control wpcf7-checkbox\"><span class=\"wpcf7-list-item first\"><label><input type=\"checkbox\" name=\"Aktivitaet[]\" value=\"Washing gold\" \/><span class=\"wpcf7-list-item-label\">Washing gold<\/span><\/label><\/span><span class=\"wpcf7-list-item\"><label><input type=\"checkbox\" name=\"Aktivitaet[]\" value=\"Making fire\" \/><span class=\"wpcf7-list-item-label\">Making fire<\/span><\/label><\/span><span class=\"wpcf7-list-item last\"><label><input type=\"checkbox\" name=\"Aktivitaet[]\" value=\"Melting metal\" \/><span class=\"wpcf7-list-item-label\">Melting metal<\/span><\/label><\/span><\/span><\/span>\n<\/p>\n<p>Number of persons<br \/>\n<span class=\"wpcf7-form-control-wrap Personen\"><input type=\"number\" name=\"Personen\" value=\"\" class=\"wpcf7-form-control wpcf7-number wpcf7-validates-as-number\" min=\"1\" max=\"50\" aria-invalid=\"false\" \/><\/span><\/p>\n<p>E-Mail-Address (mandatory)<br \/>\n    <span class=\"wpcf7-form-control-wrap your-email\"><input type=\"email\" name=\"your-email\" value=\"\" size=\"40\" class=\"wpcf7-form-control wpcf7-text wpcf7-email wpcf7-validates-as-required wpcf7-validates-as-email\" aria-required=\"true\" aria-invalid=\"false\" \/><\/span> <\/p>\n<p>Your Phone<br \/>\n    <span class=\"wpcf7-form-control-wrap tel-983\"><input type=\"tel\" name=\"tel-983\" value=\"\" size=\"40\" class=\"wpcf7-form-control wpcf7-text wpcf7-tel wpcf7-validates-as-required wpcf7-validates-as-tel\" aria-required=\"true\" aria-invalid=\"false\" \/><\/span><\/p>\n<p>Your message<br \/>\n    <span class=\"wpcf7-form-control-wrap your-message\"><textarea name=\"your-message\" cols=\"40\" rows=\"10\" class=\"wpcf7-form-control wpcf7-textarea wpcf7-validates-as-required\" aria-required=\"true\" aria-invalid=\"false\"><\/textarea><\/span> <\/p>\n<p class=\"form-submit\"><input type=\"submit\" value=\"Submit\" class=\"wpcf7-form-control wpcf7-submit et_pb_button\" \/><\/p>\n<div class=\"wpcf7-response-output wpcf7-display-none\"><\/div><\/form><\/div>[\/et_pb_code][\/et_pb_column][et_pb_column type=&#8221;1_3&#8243; _builder_version=&#8221;3.25&#8243; custom_padding=&#8221;|||&#8221; custom_padding__hover=&#8221;|||&#8221;][et_pb_text admin_label=&#8221;Text&#8221; _builder_version=&#8221;3.27.4&#8243; background_size=&#8221;initial&#8221; background_position=&#8221;top_left&#8221; background_repeat=&#8221;repeat&#8221; use_border_color=&#8221;off&#8221; border_color=&#8221;#ffffff&#8221; border_style=&#8221;solid&#8221;]<h3 class=\"uk-panel-title\">Free dates<\/h3>\n<p class=\"uk-panel-title\">green\u00a0= free the whole day\u00a0\/ yellow\u00a0= free half a day\u00a0\/ red\u00a0= day not available<\/p>[\/et_pb_text][et_pb_sidebar orientation=&#8221;right&#8221; area=&#8221;et_pb_widget_area_1&#8243; admin_label=&#8221;Seitenleiste&#8221; _builder_version=&#8221;3.0.74&#8243; remove_border=&#8221;off&#8221;] [\/et_pb_sidebar][\/et_pb_column][\/et_pb_row][\/et_pb_section][et_pb_section fb_built=&#8221;1&#8243; admin_label=&#8221;section&#8221; _builder_version=&#8221;3.22&#8243;][et_pb_row admin_label=&#8221;row&#8221; _builder_version=&#8221;3.25&#8243; background_size=&#8221;initial&#8221; background_position=&#8221;top_left&#8221; background_repeat=&#8221;repeat&#8221;][\/et_pb_row][\/et_pb_section][et_pb_section fb_built=&#8221;1&#8243; _builder_version=&#8221;4.9.4&#8243; _module_preset=&#8221;default&#8221;][et_pb_row _builder_version=&#8221;4.9.4&#8243; _module_preset=&#8221;default&#8221;][et_pb_column _builder_version=&#8221;4.9.4&#8243; _module_preset=&#8221;default&#8221;][:de _i=&#8221;0&#8243; _address=&#8221;0&#8243; \/][:en _i=&#8221;2&#8243; _address=&#8221;2&#8243; \/][: _i=&#8221;5&#8243; _address=&#8221;5&#8243; \/][\/et_pb_column][\/et_pb_row][\/et_pb_section]\n\n","protected":false},"excerpt":{"rendered":"","protected":false},"author":3,"featured_media":0,"parent":0,"menu_order":0,"comment_status":"closed","ping_status":"closed","template":"","meta":{"_et_pb_use_builder":"on","_et_pb_old_content":"","_et_gb_content_width":""},"_links":{"self":[{"href":"https:\/\/abenteuerwelt-napf.ch\/en\/wp-json\/wp\/v2\/pages\/183"}],"collection":[{"href":"https:\/\/abenteuerwelt-napf.ch\/en\/wp-json\/wp\/v2\/pages"}],"about":[{"href":"https:\/\/abenteuerwelt-napf.ch\/en\/wp-json\/wp\/v2\/types\/page"}],"author":[{"embeddable":true,"href":"https:\/\/abenteuerwelt-napf.ch\/en\/wp-json\/wp\/v2\/users\/3"}],"replies":[{"embeddable":true,"href":"https:\/\/abenteuerwelt-napf.ch\/en\/wp-json\/wp\/v2\/comments?post=183"}],"version-history":[{"count":39,"href":"https:\/\/abenteuerwelt-napf.ch\/en\/wp-json\/wp\/v2\/pages\/183\/revisions"}],"predecessor-version":[{"id":2958,"href":"https:\/\/abenteuerwelt-napf.ch\/en\/wp-json\/wp\/v2\/pages\/183\/revisions\/2958"}],"wp:attachment":[{"href":"https:\/\/abenteuerwelt-napf.ch\/en\/wp-json\/wp\/v2\/media?parent=183"}],"curies":[{"name":"wp","href":"https:\/\/api.w.org\/{rel}","templated":true}]}}