{"id":103,"date":"2021-03-27T09:00:28","date_gmt":"2021-03-27T08:00:28","guid":{"rendered":"http:\/\/d.abenteuerwelt-napf.ch\/?page_id=103"},"modified":"2026-02-10T14:49:35","modified_gmt":"2026-02-10T13:49:35","slug":"team","status":"publish","type":"page","link":"https:\/\/abenteuerwelt-napf.ch\/en\/team\/","title":{"rendered":"Team"},"content":{"rendered":"<p>[et_pb_section fb_built=&#8221;1&#8243; admin_label=&#8221;section&#8221; _builder_version=&#8221;3.22&#8243;][et_pb_row admin_label=&#8221;row&#8221; _builder_version=&#8221;3.25&#8243; background_size=&#8221;initial&#8221; background_position=&#8221;top_left&#8221; background_repeat=&#8221;repeat&#8221;][et_pb_column type=&#8221;4_4&#8243; _builder_version=&#8221;3.25&#8243; custom_padding=&#8221;|||&#8221; custom_padding__hover=&#8221;|||&#8221;][et_pb_text _builder_version=&#8221;3.27.4&#8243; background_size=&#8221;initial&#8221; background_position=&#8221;top_left&#8221; background_repeat=&#8221;repeat&#8221; use_border_color=&#8221;off&#8221;]<\/p>\n<div class=\"uk-margin-large-bottom uk-text-center\">\n<h1 class=\"uk-h1 uk-margin-bottom-remove\" style=\"text-align: center;\">Beat Walser<\/h1>\n<h1 class=\"uk-h1 uk-margin-bottom-remove\" style=\"text-align: center;\">Ihr nicht\u00a0 ganz allt\u00e4glicher Tourguide<\/h1>\n<\/div>\n<p>&nbsp;<br \/>\n[\/et_pb_text][\/et_pb_column][\/et_pb_row][\/et_pb_section][et_pb_section fb_built=&#8221;1&#8243; _builder_version=&#8221;3.22&#8243;][et_pb_row column_structure=&#8221;1_2,1_2&#8243; _builder_version=&#8221;3.25&#8243; background_size=&#8221;initial&#8221; background_position=&#8221;top_left&#8221; background_repeat=&#8221;repeat&#8221;][et_pb_column type=&#8221;1_2&#8243; _builder_version=&#8221;3.25&#8243; custom_padding=&#8221;|||&#8221; custom_padding__hover=&#8221;|||&#8221;][et_pb_image src=&#8221;http:\/\/abenteuerwelt-napf.ch\/wp-content\/uploads\/2020\/02\/IMG_20200120_151311325-e1582448977912.jpg&#8221; align_tablet=&#8221;center&#8221; align_phone=&#8221;&#8221; align_last_edited=&#8221;on|desktop&#8221; module_class=&#8221;dreher&#8221; _builder_version=&#8221;3.23&#8243; animation_style=&#8221;slide&#8221; animation_direction=&#8221;left&#8221; animation_duration=&#8221;500ms&#8221; animation_intensity_slide=&#8221;10%&#8221; use_border_color=&#8221;off&#8221;]&nbsp;<br \/>\n[\/et_pb_image][\/et_pb_column][et_pb_column type=&#8221;1_2&#8243; _builder_version=&#8221;3.25&#8243; custom_padding=&#8221;|||&#8221; custom_padding__hover=&#8221;|||&#8221;][et_pb_text _builder_version=&#8221;4.9.4&#8243; background_size=&#8221;initial&#8221; background_position=&#8221;top_left&#8221; background_repeat=&#8221;repeat&#8221; use_border_color=&#8221;off&#8221;]<\/p>\n<h3 class=\"uk-panel-title\">Beat Walser<\/h3>\n<div class=\"uk-margin\">\n<p>Die Mutter eine Aargauer Bauerntochter, der Vater ein Stadt Z\u00fcrcher, geboren 1970 im Sternzeichen Wassermann, in Zumikon(ZH). Zum G\u00e4rtner ausgebildet mit langj\u00e4hriger Berufserfahrung hat er dazu auch viel Erfahrung in diversen anderen handwerklichen Berufen mit Holz, Stein, Metall gesammelt. Im Tierpark D\u00e4hlh\u00f6lzli und auf verschiedenen Landwirtschaftsbetrieben sich einen vorbildlichen Umgang mit Tieren angeeignet.\u00a0 Nach einer langj\u00e4hrigen, lehrreichen und\u00a0 spannenden Reise durch diverse Kantone (TI, NE, AI, GR, SO, BE, OW) ist er\u00a0 in Luzern, im Wahlkreis Entlebuch, im wilden Westen von Luzern angekommen. Ihr direkt am Goldwaschplatz wohnhafter Tourguide, eine aufgestellte Person und ein erfahrener Begleiter durch die Natur. Seit gut 25 Jahren begeisterter Goldw\u00e4scher mit ganz viel praktischer Erfahrung hat er sein Hobby zum Beruf gemacht und begleitet Sie mit viel Freude, Herzblut, fundiertem Fachwissen und mit ganz viel Geduld durch das Angebot von seiner 2015 gegr\u00fcndeten Abenteuerwelt-Napf. Schon immer an seinen Mitenschen interessiert durfte\u00a0 er vor ca. 20 Jahren seine ersten Erfahrungen als Goldwasch-Tourguide beim Goldwaschkurs Anbieter Napfgolderlebnis sammeln.\u00a0 Seit 2015 findet er mit seiner eigenen Vision von einem Kleinstunternehmen im Tourismussektor seine Erf\u00fcllung durch das weitervermitteln von seiner Erfahrung und seinem gesammelten Wissen auf seine Art und Weise. Humor und Freude am Leben, sein Fachwissen und seine Gen\u00fcgsamkeit zusammen mit seiner Aktivit\u00e4t machen ihn zum kompetenten Ansprechpartner f\u00fcr Freizeit, Abenteuer und Aktivit\u00e4ten im Freien. Weit gereist und weltoffen geh\u00f6rt Lebensfreude, soziale Gerechtigkeit und Humor, und nicht viel\/das meiste Gold\/Geld zu seinen erstrebenswertesten Zielen.<\/p>\n<blockquote>\n<p>\u201cWenn am Abend alle G\u00e4ste gl\u00fccklich und zufrieden nach Hause reisen ist das mit\u00a0 und Abstand das wertvollste\u201c<\/p>\n<\/blockquote>\n<\/div>\n<p>[\/et_pb_text][\/et_pb_column][\/et_pb_row][\/et_pb_section]<\/p>\n","protected":false},"excerpt":{"rendered":"<p>[et_pb_section fb_built=&#8221;1&#8243; admin_label=&#8221;section&#8221; _builder_version=&#8221;3.22&#8243;][et_pb_row admin_label=&#8221;row&#8221; _builder_version=&#8221;3.25&#8243; background_size=&#8221;initial&#8221; background_position=&#8221;top_left&#8221; background_repeat=&#8221;repeat&#8221;][et_pb_column type=&#8221;4_4&#8243; _builder_version=&#8221;3.25&#8243; custom_padding=&#8221;|||&#8221; custom_padding__hover=&#8221;|||&#8221;][et_pb_text _builder_version=&#8221;3.27.4&#8243; background_size=&#8221;initial&#8221; background_position=&#8221;top_left&#8221; background_repeat=&#8221;repeat&#8221; use_border_color=&#8221;off&#8221;] Beat Walser Ihr nicht\u00a0 ganz allt\u00e4glicher Tourguide &nbsp; [\/et_pb_text][\/et_pb_column][\/et_pb_row][\/et_pb_section][et_pb_section fb_built=&#8221;1&#8243; _builder_version=&#8221;3.22&#8243;][et_pb_row column_structure=&#8221;1_2,1_2&#8243; _builder_version=&#8221;3.25&#8243; background_size=&#8221;initial&#8221; background_position=&#8221;top_left&#8221; background_repeat=&#8221;repeat&#8221;][et_pb_column type=&#8221;1_2&#8243; _builder_version=&#8221;3.25&#8243; custom_padding=&#8221;|||&#8221; custom_padding__hover=&#8221;|||&#8221;][et_pb_image src=&#8221;http:\/\/abenteuerwelt-napf.ch\/wp-content\/uploads\/2020\/02\/IMG_20200120_151311325-e1582448977912.jpg&#8221; align_tablet=&#8221;center&#8221; align_phone=&#8221;&#8221; align_last_edited=&#8221;on|desktop&#8221; module_class=&#8221;dreher&#8221; _builder_version=&#8221;3.23&#8243; animation_style=&#8221;slide&#8221; animation_direction=&#8221;left&#8221; animation_duration=&#8221;500ms&#8221; animation_intensity_slide=&#8221;10%&#8221; use_border_color=&#8221;off&#8221;]&nbsp; [\/et_pb_image][\/et_pb_column][et_pb_column type=&#8221;1_2&#8243; _builder_version=&#8221;3.25&#8243; custom_padding=&#8221;|||&#8221; custom_padding__hover=&#8221;|||&#8221;][et_pb_text _builder_version=&#8221;4.9.4&#8243; [&hellip;]<\/p>\n","protected":false},"author":3,"featured_media":0,"parent":0,"menu_order":0,"comment_status":"closed","ping_status":"closed","template":"","meta":{"_et_pb_use_builder":"on","_et_pb_old_content":"","_et_gb_content_width":""},"_links":{"self":[{"href":"https:\/\/abenteuerwelt-napf.ch\/en\/wp-json\/wp\/v2\/pages\/103"}],"collection":[{"href":"https:\/\/abenteuerwelt-napf.ch\/en\/wp-json\/wp\/v2\/pages"}],"about":[{"href":"https:\/\/abenteuerwelt-napf.ch\/en\/wp-json\/wp\/v2\/types\/page"}],"author":[{"embeddable":true,"href":"https:\/\/abenteuerwelt-napf.ch\/en\/wp-json\/wp\/v2\/users\/3"}],"replies":[{"embeddable":true,"href":"https:\/\/abenteuerwelt-napf.ch\/en\/wp-json\/wp\/v2\/comments?post=103"}],"version-history":[{"count":27,"href":"https:\/\/abenteuerwelt-napf.ch\/en\/wp-json\/wp\/v2\/pages\/103\/revisions"}],"predecessor-version":[{"id":4589,"href":"https:\/\/abenteuerwelt-napf.ch\/en\/wp-json\/wp\/v2\/pages\/103\/revisions\/4589"}],"wp:attachment":[{"href":"https:\/\/abenteuerwelt-napf.ch\/en\/wp-json\/wp\/v2\/media?parent=103"}],"curies":[{"name":"wp","href":"https:\/\/api.w.org\/{rel}","templated":true}]}}